{"id":33,"date":"2018-06-05T11:09:16","date_gmt":"2018-06-05T14:09:16","guid":{"rendered":"https:\/\/www.aduanaonline.com.br\/imp\/?post_type=product&#038;p=33"},"modified":"2023-10-11T11:17:41","modified_gmt":"2023-10-11T14:17:41","slug":"importacao-maritima","status":"publish","type":"product","link":"https:\/\/www.aduanaonline.com.br\/imp\/produto\/importacao-maritima\/","title":{"rendered":"Importa\u00e7\u00e3o Mar\u00edtima"},"content":{"rendered":"","protected":false},"excerpt":{"rendered":"<h3>Importa\u00e7\u00e3o Mar\u00edtima de Carga Solta ou Full Container.<\/h3>\n<h3>Atendemos todos os Portos, possu\u00edmos base em Santos, Rio de Janeiro, Vitoria, e Itaja\u00ed.<\/h3>\n<h3>Libera\u00e7\u00e3o em <span style=\"background-color: #ff8800; color: #1100b3;\">24 horas<\/span> de Full Container e <span style=\"background-color: #ff8800; color: #1100b3;\">72 horas<\/span> no Carga Solta (Prazo de Libera\u00e7\u00e3o Comprovado)<\/h3>\n<h3>Viabilidade e Estudo para que sua importa\u00e7\u00e3o Gere Lucro mesmo com pequenas quantidades.<\/h3>\n<h3>Sistema Online para envio de documenta\u00e7\u00e3o, rastreabilidade de container e demais processos.<\/h3>\n<h3>Experi\u00eancia alcan\u00e7ada ao longo dos 30 anos de mercado.<\/h3>\n","protected":false},"featured_media":17030,"comment_status":"closed","ping_status":"closed","template":"","meta":{"_acf_changed":false},"product_brand":[],"product_cat":[15],"product_tag":[],"class_list":{"0":"post-33","1":"product","2":"type-product","3":"status-publish","4":"has-post-thumbnail","6":"product_cat-servicos","8":"first","9":"instock","10":"virtual","11":"sold-individually","12":"purchasable","13":"product-type-simple"},"acf":[],"_links":{"self":[{"href":"https:\/\/www.aduanaonline.com.br\/imp\/wp-json\/wp\/v2\/product\/33","targetHints":{"allow":["GET"]}}],"collection":[{"href":"https:\/\/www.aduanaonline.com.br\/imp\/wp-json\/wp\/v2\/product"}],"about":[{"href":"https:\/\/www.aduanaonline.com.br\/imp\/wp-json\/wp\/v2\/types\/product"}],"replies":[{"embeddable":true,"href":"https:\/\/www.aduanaonline.com.br\/imp\/wp-json\/wp\/v2\/comments?post=33"}],"version-history":[{"count":2,"href":"https:\/\/www.aduanaonline.com.br\/imp\/wp-json\/wp\/v2\/product\/33\/revisions"}],"predecessor-version":[{"id":17029,"href":"https:\/\/www.aduanaonline.com.br\/imp\/wp-json\/wp\/v2\/product\/33\/revisions\/17029"}],"wp:featuredmedia":[{"embeddable":true,"href":"https:\/\/www.aduanaonline.com.br\/imp\/wp-json\/wp\/v2\/media\/17030"}],"wp:attachment":[{"href":"https:\/\/www.aduanaonline.com.br\/imp\/wp-json\/wp\/v2\/media?parent=33"}],"wp:term":[{"taxonomy":"product_brand","embeddable":true,"href":"https:\/\/www.aduanaonline.com.br\/imp\/wp-json\/wp\/v2\/product_brand?post=33"},{"taxonomy":"product_cat","embeddable":true,"href":"https:\/\/www.aduanaonline.com.br\/imp\/wp-json\/wp\/v2\/product_cat?post=33"},{"taxonomy":"product_tag","embeddable":true,"href":"https:\/\/www.aduanaonline.com.br\/imp\/wp-json\/wp\/v2\/product_tag?post=33"}],"curies":[{"name":"wp","href":"https:\/\/api.w.org\/{rel}","templated":true}]}}