{"id":28,"date":"2018-06-05T11:03:40","date_gmt":"2018-06-05T14:03:40","guid":{"rendered":"https:\/\/www.aduanaonline.com.br\/imp\/?post_type=product&#038;p=28"},"modified":"2023-10-11T11:17:26","modified_gmt":"2023-10-11T14:17:26","slug":"importacao-aerea","status":"publish","type":"product","link":"https:\/\/www.aduanaonline.com.br\/imp\/produto\/importacao-aerea\/","title":{"rendered":"Importa\u00e7\u00e3o A\u00e9rea"},"content":{"rendered":"<p>Nossa Equipe cuida de todo processo de Importa\u00e7\u00e3o.<\/p>\n<p>Desde a viabiliza\u00e7\u00e3o de seu projeto at\u00e9 a entrega em seu endere\u00e7o.<\/p>\n<p>Tudo r\u00e1pido, f\u00e1cil e Online.<\/p>\n<p><a href=\"https:\/\/www.aduanaonline.com.br\/imp\/cotar-importacao\/\">Cote sua importa\u00e7\u00e3o Agora<\/a><\/p>\n","protected":false},"excerpt":{"rendered":"<p><strong>Assessoria Completa para sua Importa\u00e7\u00e3o.<\/strong><\/p>\n<p><strong>Planilha e planejamento do custos &#8211; Previa ao embarque.<\/strong><\/p>\n<p><strong>Frete A\u00e9reo Internacional com as melhores tarifas do mercado.<\/strong><\/p>\n<p><strong>Check List Completo com padr\u00e3o ISO9000<\/strong><\/p>\n<p><strong>Desembara\u00e7o em 24 horas.<\/strong><\/p>\n<p><b>Acompanhe sua importa\u00e7\u00e3o via acesso MINHA CONTA, atualiza\u00e7\u00e3o via e-mail\u00a0e WhatsApp.<\/b><\/p>\n<p><strong>Inicie agora sua importa\u00e7\u00e3o.<\/strong><\/p>\n","protected":false},"featured_media":17028,"comment_status":"closed","ping_status":"closed","template":"","meta":{"_acf_changed":false},"product_brand":[],"product_cat":[15],"product_tag":[],"class_list":{"0":"post-28","1":"product","2":"type-product","3":"status-publish","4":"has-post-thumbnail","6":"product_cat-servicos","8":"first","9":"instock","10":"virtual","11":"sold-individually","12":"purchasable","13":"product-type-simple"},"acf":[],"_links":{"self":[{"href":"https:\/\/www.aduanaonline.com.br\/imp\/wp-json\/wp\/v2\/product\/28","targetHints":{"allow":["GET"]}}],"collection":[{"href":"https:\/\/www.aduanaonline.com.br\/imp\/wp-json\/wp\/v2\/product"}],"about":[{"href":"https:\/\/www.aduanaonline.com.br\/imp\/wp-json\/wp\/v2\/types\/product"}],"replies":[{"embeddable":true,"href":"https:\/\/www.aduanaonline.com.br\/imp\/wp-json\/wp\/v2\/comments?post=28"}],"version-history":[{"count":2,"href":"https:\/\/www.aduanaonline.com.br\/imp\/wp-json\/wp\/v2\/product\/28\/revisions"}],"predecessor-version":[{"id":16621,"href":"https:\/\/www.aduanaonline.com.br\/imp\/wp-json\/wp\/v2\/product\/28\/revisions\/16621"}],"wp:featuredmedia":[{"embeddable":true,"href":"https:\/\/www.aduanaonline.com.br\/imp\/wp-json\/wp\/v2\/media\/17028"}],"wp:attachment":[{"href":"https:\/\/www.aduanaonline.com.br\/imp\/wp-json\/wp\/v2\/media?parent=28"}],"wp:term":[{"taxonomy":"product_brand","embeddable":true,"href":"https:\/\/www.aduanaonline.com.br\/imp\/wp-json\/wp\/v2\/product_brand?post=28"},{"taxonomy":"product_cat","embeddable":true,"href":"https:\/\/www.aduanaonline.com.br\/imp\/wp-json\/wp\/v2\/product_cat?post=28"},{"taxonomy":"product_tag","embeddable":true,"href":"https:\/\/www.aduanaonline.com.br\/imp\/wp-json\/wp\/v2\/product_tag?post=28"}],"curies":[{"name":"wp","href":"https:\/\/api.w.org\/{rel}","templated":true}]}}