{"id":239,"date":"2018-07-23T10:10:00","date_gmt":"2018-07-23T13:10:00","guid":{"rendered":"https:\/\/www.aduanaonline.com.br\/imp\/?page_id=239"},"modified":"2022-01-31T22:30:29","modified_gmt":"2022-02-01T01:30:29","slug":"cotar-importacao","status":"publish","type":"page","link":"https:\/\/www.aduanaonline.com.br\/imp\/cotar-importacao\/","title":{"rendered":"Calcular Importa\u00e7\u00e3o"},"content":{"rendered":"\t\t<div data-elementor-type=\"wp-page\" data-elementor-id=\"239\" class=\"elementor elementor-239\" data-elementor-settings=\"{&quot;ha_cmc_init_switcher&quot;:&quot;no&quot;}\" data-elementor-post-type=\"page\">\n\t\t\t\t\t\t<section class=\"elementor-section elementor-top-section elementor-element elementor-element-1324b778 elementor-section-boxed elementor-section-height-default elementor-section-height-default\" data-id=\"1324b778\" data-element_type=\"section\" data-e-type=\"section\" data-settings=\"{&quot;_ha_eqh_enable&quot;:false}\">\n\t\t\t\t\t\t<div class=\"elementor-container elementor-column-gap-default\">\n\t\t\t\t\t<div class=\"elementor-column elementor-col-100 elementor-top-column elementor-element elementor-element-2f1f5423\" data-id=\"2f1f5423\" data-element_type=\"column\" data-e-type=\"column\">\n\t\t\t<div class=\"elementor-widget-wrap elementor-element-populated\">\n\t\t\t\t\t\t<div class=\"elementor-element elementor-element-6642476e elementor-widget elementor-widget-text-editor\" data-id=\"6642476e\" data-element_type=\"widget\" data-e-type=\"widget\" data-widget_type=\"text-editor.default\">\n\t\t\t\t<div class=\"elementor-widget-container\">\n\t\t\t\t\t\t\t\t\t<p><span style=\"font-size: 4.8rem; font-weight: 700; letter-spacing: -0.0415625em; text-align: inherit;\">Calcule rapidamente o custo para sua importa\u00e7\u00e3o.<\/span><br><\/p>\n<p>Desenvolvemos essa ferramenta para facilitar a viabilidade de importa\u00e7\u00e3o A\u00e9rea e Mar\u00edtima.<\/p>\n<p>[gravityform id=&#8221;1&#8243; title=&#8221;false&#8221; description=&#8221;false&#8221;]<\/p>\t\t\t\t\t\t\t\t<\/div>\n\t\t\t\t<\/div>\n\t\t\t\t\t<\/div>\n\t\t<\/div>\n\t\t\t\t\t<\/div>\n\t\t<\/section>\n\t\t\t\t<\/div>\n\t\t","protected":false},"excerpt":{"rendered":"<p>Calcule rapidamente o custo para sua importa\u00e7\u00e3o. Desenvolvemos essa ferramenta para facilitar a viabilidade de importa\u00e7\u00e3o A\u00e9rea e Mar\u00edtima. [gravityform id=&#8221;1&#8243; title=&#8221;false&#8221; description=&#8221;false&#8221;]<\/p>\n","protected":false},"author":2,"featured_media":0,"parent":0,"menu_order":0,"comment_status":"closed","ping_status":"closed","template":"elementor_header_footer","meta":{"_acf_changed":false,"footnotes":""},"class_list":["post-239","page","type-page","status-publish","hentry"],"acf":[],"_links":{"self":[{"href":"https:\/\/www.aduanaonline.com.br\/imp\/wp-json\/wp\/v2\/pages\/239","targetHints":{"allow":["GET"]}}],"collection":[{"href":"https:\/\/www.aduanaonline.com.br\/imp\/wp-json\/wp\/v2\/pages"}],"about":[{"href":"https:\/\/www.aduanaonline.com.br\/imp\/wp-json\/wp\/v2\/types\/page"}],"author":[{"embeddable":true,"href":"https:\/\/www.aduanaonline.com.br\/imp\/wp-json\/wp\/v2\/users\/2"}],"replies":[{"embeddable":true,"href":"https:\/\/www.aduanaonline.com.br\/imp\/wp-json\/wp\/v2\/comments?post=239"}],"version-history":[{"count":18,"href":"https:\/\/www.aduanaonline.com.br\/imp\/wp-json\/wp\/v2\/pages\/239\/revisions"}],"predecessor-version":[{"id":16620,"href":"https:\/\/www.aduanaonline.com.br\/imp\/wp-json\/wp\/v2\/pages\/239\/revisions\/16620"}],"wp:attachment":[{"href":"https:\/\/www.aduanaonline.com.br\/imp\/wp-json\/wp\/v2\/media?parent=239"}],"curies":[{"name":"wp","href":"https:\/\/api.w.org\/{rel}","templated":true}]}}