{"id":2,"date":"2018-06-05T08:34:38","date_gmt":"2018-06-05T11:34:38","guid":{"rendered":"https:\/\/www.aduanaonline.com.br\/imp\/?page_id=2"},"modified":"2026-03-11T15:18:27","modified_gmt":"2026-03-11T18:18:27","slug":"inicial","status":"publish","type":"page","link":"https:\/\/www.aduanaonline.com.br\/imp\/","title":{"rendered":"Inicio"},"content":{"rendered":"\t\t<div data-elementor-type=\"wp-page\" data-elementor-id=\"2\" class=\"elementor elementor-2\" data-elementor-settings=\"{&quot;ha_cmc_init_switcher&quot;:&quot;no&quot;}\" data-elementor-post-type=\"page\">\n\t\t\t\t<div class=\"elementor-element elementor-element-8cec0f9 e-con-full e-flex e-con e-parent\" data-id=\"8cec0f9\" data-element_type=\"container\" data-e-type=\"container\" data-settings=\"{&quot;background_background&quot;:&quot;classic&quot;,&quot;_ha_eqh_enable&quot;:false}\">\n\t\t<div class=\"elementor-element elementor-element-e360720 e-con-full e-flex e-con e-child\" data-id=\"e360720\" data-element_type=\"container\" data-e-type=\"container\" data-settings=\"{&quot;_ha_eqh_enable&quot;:false}\">\n\t\t\t\t<div class=\"elementor-element elementor-element-4524e65 elementor-headline--style-rotate elementor-widget elementor-widget-animated-headline\" data-id=\"4524e65\" data-element_type=\"widget\" data-e-type=\"widget\" data-settings=\"{&quot;headline_style&quot;:&quot;rotate&quot;,&quot;animation_type&quot;:&quot;wave&quot;,&quot;rotating_text&quot;:&quot;Crescimento\\nInova\\u00e7\\u00e3o\\nGarantia de Estoque\\nMarca Pr\\u00f3pria &quot;,&quot;loop&quot;:&quot;yes&quot;,&quot;rotate_iteration_delay&quot;:2500}\" data-widget_type=\"animated-headline.default\">\n\t\t\t\t<div class=\"elementor-widget-container\">\n\t\t\t\t\t\t\t<h4 class=\"elementor-headline elementor-headline-animation-type-wave elementor-headline-letters\">\n\t\t\t\t\t<span class=\"elementor-headline-plain-text elementor-headline-text-wrapper\">Importa\u00e7\u00e3o Sin\u00f4nimo de<\/span>\n\t\t\t\t<span class=\"elementor-headline-dynamic-wrapper elementor-headline-text-wrapper\">\n\t\t\t\t\t<span class=\"elementor-headline-dynamic-text elementor-headline-text-active\">\n\t\t\t\tCrescimento\t\t\t<\/span>\n\t\t\t\t\t<span class=\"elementor-headline-dynamic-text\">\n\t\t\t\tInova\u00e7\u00e3o\t\t\t<\/span>\n\t\t\t\t\t<span class=\"elementor-headline-dynamic-text\">\n\t\t\t\tGarantia&nbsp;de&nbsp;Estoque\t\t\t<\/span>\n\t\t\t\t\t<span class=\"elementor-headline-dynamic-text\">\n\t\t\t\tMarca&nbsp;Pr\u00f3pria&nbsp;\t\t\t<\/span>\n\t\t\t\t\t\t<\/span>\n\t\t\t\t<\/h4>\n\t\t\t\t\t\t<\/div>\n\t\t\t\t<\/div>\n\t\t\t\t<div class=\"elementor-element elementor-element-f199cca elementor-widget elementor-widget-text-editor\" data-id=\"f199cca\" data-element_type=\"widget\" data-e-type=\"widget\" data-widget_type=\"text-editor.default\">\n\t\t\t\t<div class=\"elementor-widget-container\">\n\t\t\t\t\t\t\t\t\t<p style=\"text-align: center\"><span style=\"color: #ffffff\">Sua empresa pode ser tornar uma importadora agora em apenas 30 minutos.<\/span><\/p>\t\t\t\t\t\t\t\t<\/div>\n\t\t\t\t<\/div>\n\t\t\t\t<div class=\"elementor-element elementor-element-cb0ac8f elementor-align-center elementor-mobile-align-center elementor-widget elementor-widget-button\" data-id=\"cb0ac8f\" data-element_type=\"widget\" data-e-type=\"widget\" data-widget_type=\"button.default\">\n\t\t\t\t<div class=\"elementor-widget-container\">\n\t\t\t\t\t\t\t\t\t<div class=\"elementor-button-wrapper\">\n\t\t\t\t\t<a class=\"elementor-button elementor-button-link elementor-size-md\" href=\"https:\/\/www.aduanaonline.com.br\/habilitacao\">\n\t\t\t\t\t\t<span class=\"elementor-button-content-wrapper\">\n\t\t\t\t\t\t<span class=\"elementor-button-icon\">\n\t\t\t\t\t\t\t\t\t<i class=\"\" aria-hidden=\"true\"><\/i>\n\t\t\t\t\t\t\t<\/span>\n\t\t\t\t\t\t\t\t\t<span class=\"elementor-button-text\">ATIVAR RADAR IMPORTA\u00c7\u00c3O<\/span>\n\t\t\t\t\t<\/span>\n\t\t\t\t\t<\/a>\n\t\t\t\t<\/div>\n\t\t\t\t\t\t\t\t<\/div>\n\t\t\t\t<\/div>\n\t\t\t\t<\/div>\n\t\t\t\t<\/div>\n\t\t<div class=\"elementor-element elementor-element-af3317c e-flex e-con-boxed e-con e-parent\" data-id=\"af3317c\" data-element_type=\"container\" data-e-type=\"container\" data-settings=\"{&quot;_ha_eqh_enable&quot;:false}\">\n\t\t\t\t\t<div class=\"e-con-inner\">\n\t\t<div class=\"elementor-element elementor-element-223b949 e-con-full e-flex e-con e-child\" data-id=\"223b949\" data-element_type=\"container\" data-e-type=\"container\" data-settings=\"{&quot;_ha_eqh_enable&quot;:false}\">\n\t\t\t\t<div class=\"elementor-element elementor-element-4eca118 elementor-widget elementor-widget-heading\" data-id=\"4eca118\" data-element_type=\"widget\" data-e-type=\"widget\" data-widget_type=\"heading.default\">\n\t\t\t\t<div class=\"elementor-widget-container\">\n\t\t\t\t\t<h4 class=\"elementor-heading-title elementor-size-default\">A Aduana Online possui diferenciais <br>\u00fanicos no mercado.<\/h4>\t\t\t\t<\/div>\n\t\t\t\t<\/div>\n\t\t\t\t<\/div>\n\t\t\t\t\t<\/div>\n\t\t\t\t<\/div>\n\t\t<div class=\"elementor-element elementor-element-d178f9a e-flex e-con-boxed e-con e-parent\" data-id=\"d178f9a\" data-element_type=\"container\" data-e-type=\"container\" data-settings=\"{&quot;_ha_eqh_enable&quot;:false}\">\n\t\t\t\t\t<div class=\"e-con-inner\">\n\t\t<div class=\"elementor-element elementor-element-c007da7 e-con-full e-flex elementor-invisible e-con e-child\" data-id=\"c007da7\" data-element_type=\"container\" data-e-type=\"container\" data-settings=\"{&quot;animation&quot;:&quot;fadeInRight&quot;,&quot;_ha_eqh_enable&quot;:false}\">\n\t\t\t\t<div class=\"elementor-element elementor-element-91b6e50 elementor-position-top elementor-widget elementor-widget-image-box\" data-id=\"91b6e50\" data-element_type=\"widget\" data-e-type=\"widget\" data-widget_type=\"image-box.default\">\n\t\t\t\t<div class=\"elementor-widget-container\">\n\t\t\t\t\t<div class=\"elementor-image-box-wrapper\"><figure class=\"elementor-image-box-img\"><img decoding=\"async\" width=\"149\" height=\"113\" src=\"https:\/\/www.aduanaonline.com.br\/imp\/wp-content\/uploads\/sites\/4\/2022\/09\/ICON-2-1.png\" class=\"attachment-full size-full wp-image-18649\" alt=\"\" \/><\/figure><div class=\"elementor-image-box-content\"><h3 class=\"elementor-image-box-title\">Financiamento de Importa\u00e7\u00e3o sem Analise.<\/h3><\/div><\/div>\t\t\t\t<\/div>\n\t\t\t\t<\/div>\n\t\t\t\t<\/div>\n\t\t<div class=\"elementor-element elementor-element-8aaa27b e-con-full e-flex elementor-invisible e-con e-child\" data-id=\"8aaa27b\" data-element_type=\"container\" data-e-type=\"container\" data-settings=\"{&quot;animation&quot;:&quot;fadeInRight&quot;,&quot;_ha_eqh_enable&quot;:false}\">\n\t\t\t\t<div class=\"elementor-element elementor-element-b1b7335 elementor-position-top elementor-widget elementor-widget-image-box\" data-id=\"b1b7335\" data-element_type=\"widget\" data-e-type=\"widget\" data-widget_type=\"image-box.default\">\n\t\t\t\t<div class=\"elementor-widget-container\">\n\t\t\t\t\t<div class=\"elementor-image-box-wrapper\"><figure class=\"elementor-image-box-img\"><img decoding=\"async\" width=\"135\" height=\"113\" src=\"https:\/\/www.aduanaonline.com.br\/imp\/wp-content\/uploads\/sites\/4\/2022\/09\/ICON-1.png\" class=\"attachment-full size-full wp-image-18648\" alt=\"\" \/><\/figure><div class=\"elementor-image-box-content\"><h3 class=\"elementor-image-box-title\">Modernidade no Segmento.<\/h3><\/div><\/div>\t\t\t\t<\/div>\n\t\t\t\t<\/div>\n\t\t\t\t<\/div>\n\t\t<div class=\"elementor-element elementor-element-a1f8733 e-con-full e-flex elementor-invisible e-con e-child\" data-id=\"a1f8733\" data-element_type=\"container\" data-e-type=\"container\" data-settings=\"{&quot;animation&quot;:&quot;fadeInRight&quot;,&quot;_ha_eqh_enable&quot;:false}\">\n\t\t\t\t<div class=\"elementor-element elementor-element-e16a1be elementor-position-top elementor-widget elementor-widget-image-box\" data-id=\"e16a1be\" data-element_type=\"widget\" data-e-type=\"widget\" data-widget_type=\"image-box.default\">\n\t\t\t\t<div class=\"elementor-widget-container\">\n\t\t\t\t\t<div class=\"elementor-image-box-wrapper\"><figure class=\"elementor-image-box-img\"><img decoding=\"async\" width=\"113\" height=\"113\" src=\"https:\/\/www.aduanaonline.com.br\/imp\/wp-content\/uploads\/sites\/4\/2022\/09\/ICON-3-1.png\" class=\"attachment-full size-full wp-image-18650\" alt=\"\" srcset=\"https:\/\/www.aduanaonline.com.br\/imp\/wp-content\/uploads\/sites\/4\/2022\/09\/ICON-3-1.png 113w, https:\/\/www.aduanaonline.com.br\/imp\/wp-content\/uploads\/sites\/4\/2022\/09\/ICON-3-1-100x100.png 100w, https:\/\/www.aduanaonline.com.br\/imp\/wp-content\/uploads\/sites\/4\/2022\/09\/ICON-3-1-32x32.png 32w\" sizes=\"(max-width: 113px) 100vw, 113px\" \/><\/figure><div class=\"elementor-image-box-content\"><h3 class=\"elementor-image-box-title\"> Libera\u00e7\u00e3o de Mercadorias em 24 horas.<\/h3><\/div><\/div>\t\t\t\t<\/div>\n\t\t\t\t<\/div>\n\t\t\t\t<\/div>\n\t\t<div class=\"elementor-element elementor-element-8ebe8b9 e-con-full e-flex elementor-invisible e-con e-child\" data-id=\"8ebe8b9\" data-element_type=\"container\" data-e-type=\"container\" data-settings=\"{&quot;animation&quot;:&quot;fadeInRight&quot;,&quot;_ha_eqh_enable&quot;:false}\">\n\t\t\t\t<div class=\"elementor-element elementor-element-abd8cb8 elementor-position-top elementor-widget elementor-widget-image-box\" data-id=\"abd8cb8\" data-element_type=\"widget\" data-e-type=\"widget\" data-widget_type=\"image-box.default\">\n\t\t\t\t<div class=\"elementor-widget-container\">\n\t\t\t\t\t<div class=\"elementor-image-box-wrapper\"><figure class=\"elementor-image-box-img\"><img loading=\"lazy\" decoding=\"async\" width=\"143\" height=\"113\" src=\"https:\/\/www.aduanaonline.com.br\/imp\/wp-content\/uploads\/sites\/4\/2022\/09\/ICON-4-1.png\" class=\"attachment-full size-full wp-image-18651\" alt=\"\" \/><\/figure><div class=\"elementor-image-box-content\"><h3 class=\"elementor-image-box-title\">Mais de 2745 clientes com RADAR Ativo e Satisfeitos.<\/h3><\/div><\/div>\t\t\t\t<\/div>\n\t\t\t\t<\/div>\n\t\t\t\t<\/div>\n\t\t<div class=\"elementor-element elementor-element-ea45c79 e-con-full e-flex elementor-invisible e-con e-child\" data-id=\"ea45c79\" data-element_type=\"container\" data-e-type=\"container\" data-settings=\"{&quot;animation&quot;:&quot;fadeInRight&quot;,&quot;_ha_eqh_enable&quot;:false}\">\n\t\t\t\t<div class=\"elementor-element elementor-element-945c15a elementor-position-top elementor-widget elementor-widget-image-box\" data-id=\"945c15a\" data-element_type=\"widget\" data-e-type=\"widget\" data-widget_type=\"image-box.default\">\n\t\t\t\t<div class=\"elementor-widget-container\">\n\t\t\t\t\t<div class=\"elementor-image-box-wrapper\"><figure class=\"elementor-image-box-img\"><img loading=\"lazy\" decoding=\"async\" width=\"131\" height=\"113\" src=\"https:\/\/www.aduanaonline.com.br\/imp\/wp-content\/uploads\/sites\/4\/2022\/09\/ICON-5.png\" class=\"attachment-full size-full wp-image-18652\" alt=\"\" \/><\/figure><div class=\"elementor-image-box-content\"><h3 class=\"elementor-image-box-title\"> 0% no Reclame Aqui.<\/h3><\/div><\/div>\t\t\t\t<\/div>\n\t\t\t\t<\/div>\n\t\t\t\t<\/div>\n\t\t\t\t\t<\/div>\n\t\t\t\t<\/div>\n\t\t<div class=\"elementor-element elementor-element-91498a3 e-flex e-con-boxed e-con e-parent\" data-id=\"91498a3\" data-element_type=\"container\" data-e-type=\"container\" data-settings=\"{&quot;background_background&quot;:&quot;classic&quot;,&quot;_ha_eqh_enable&quot;:false}\">\n\t\t\t\t\t<div class=\"e-con-inner\">\n\t\t<div class=\"elementor-element elementor-element-c4a58e3 e-con-full e-flex e-con e-child\" data-id=\"c4a58e3\" data-element_type=\"container\" data-e-type=\"container\" data-settings=\"{&quot;_ha_eqh_enable&quot;:false}\">\n\t\t\t\t<div class=\"elementor-element elementor-element-90bd858 elementor-widget elementor-widget-heading\" data-id=\"90bd858\" data-element_type=\"widget\" data-e-type=\"widget\" data-widget_type=\"heading.default\">\n\t\t\t\t<div class=\"elementor-widget-container\">\n\t\t\t\t\t<h2 class=\"elementor-heading-title elementor-size-large\">Importa\u00e7\u00e3o a\u00e9rea<\/h2>\t\t\t\t<\/div>\n\t\t\t\t<\/div>\n\t\t\t\t<div class=\"elementor-element elementor-element-0e73e6b elementor-widget elementor-widget-image\" data-id=\"0e73e6b\" data-element_type=\"widget\" data-e-type=\"widget\" data-widget_type=\"image.default\">\n\t\t\t\t<div class=\"elementor-widget-container\">\n\t\t\t\t\t\t\t\t\t\t\t\t\t\t\t<img loading=\"lazy\" decoding=\"async\" width=\"800\" height=\"450\" src=\"https:\/\/www.aduanaonline.com.br\/imp\/wp-content\/uploads\/sites\/4\/2022\/09\/2-1024x576.jpg\" class=\"attachment-large size-large wp-image-16998\" alt=\"\" srcset=\"https:\/\/www.aduanaonline.com.br\/imp\/wp-content\/uploads\/sites\/4\/2022\/09\/2-1024x576.jpg 1024w, https:\/\/www.aduanaonline.com.br\/imp\/wp-content\/uploads\/sites\/4\/2022\/09\/2-300x169.jpg 300w, https:\/\/www.aduanaonline.com.br\/imp\/wp-content\/uploads\/sites\/4\/2022\/09\/2-768x432.jpg 768w, https:\/\/www.aduanaonline.com.br\/imp\/wp-content\/uploads\/sites\/4\/2022\/09\/2-1536x864.jpg 1536w, https:\/\/www.aduanaonline.com.br\/imp\/wp-content\/uploads\/sites\/4\/2022\/09\/2-600x338.jpg 600w, https:\/\/www.aduanaonline.com.br\/imp\/wp-content\/uploads\/sites\/4\/2022\/09\/2.jpg 1920w\" sizes=\"(max-width: 800px) 100vw, 800px\" \/>\t\t\t\t\t\t\t\t\t\t\t\t\t\t\t<\/div>\n\t\t\t\t<\/div>\n\t\t\t\t<div class=\"elementor-element elementor-element-b0c62a5 elementor-align-justify elementor-button-info elementor-widget elementor-widget-button\" data-id=\"b0c62a5\" data-element_type=\"widget\" data-e-type=\"widget\" data-widget_type=\"button.default\">\n\t\t\t\t<div class=\"elementor-widget-container\">\n\t\t\t\t\t\t\t\t\t<div class=\"elementor-button-wrapper\">\n\t\t\t\t\t<a class=\"elementor-button elementor-button-link elementor-size-sm\" href=\"https:\/\/www.aduanaonline.com.br\/imp\/produto\/importacao-aerea\/\">\n\t\t\t\t\t\t<span class=\"elementor-button-content-wrapper\">\n\t\t\t\t\t\t\t\t\t<span class=\"elementor-button-text\">SAIBA MAIS<\/span>\n\t\t\t\t\t<\/span>\n\t\t\t\t\t<\/a>\n\t\t\t\t<\/div>\n\t\t\t\t\t\t\t\t<\/div>\n\t\t\t\t<\/div>\n\t\t\t\t<\/div>\n\t\t<div class=\"elementor-element elementor-element-8764b07 e-con-full e-flex e-con e-child\" data-id=\"8764b07\" data-element_type=\"container\" data-e-type=\"container\" data-settings=\"{&quot;_ha_eqh_enable&quot;:false}\">\n\t\t\t\t<div class=\"elementor-element elementor-element-cfc585f elementor-widget elementor-widget-heading\" data-id=\"cfc585f\" data-element_type=\"widget\" data-e-type=\"widget\" data-widget_type=\"heading.default\">\n\t\t\t\t<div class=\"elementor-widget-container\">\n\t\t\t\t\t<h2 class=\"elementor-heading-title elementor-size-large\">Importa\u00e7\u00e3o Mar\u00edtima<\/h2>\t\t\t\t<\/div>\n\t\t\t\t<\/div>\n\t\t\t\t<div class=\"elementor-element elementor-element-0420fe9 elementor-widget elementor-widget-image\" data-id=\"0420fe9\" data-element_type=\"widget\" data-e-type=\"widget\" data-widget_type=\"image.default\">\n\t\t\t\t<div class=\"elementor-widget-container\">\n\t\t\t\t\t\t\t\t\t\t\t\t\t\t\t<img loading=\"lazy\" decoding=\"async\" width=\"800\" height=\"450\" src=\"https:\/\/www.aduanaonline.com.br\/imp\/wp-content\/uploads\/sites\/4\/2022\/09\/1-1024x576.jpg\" class=\"attachment-large size-large wp-image-16999\" alt=\"\" srcset=\"https:\/\/www.aduanaonline.com.br\/imp\/wp-content\/uploads\/sites\/4\/2022\/09\/1-1024x576.jpg 1024w, https:\/\/www.aduanaonline.com.br\/imp\/wp-content\/uploads\/sites\/4\/2022\/09\/1-300x169.jpg 300w, https:\/\/www.aduanaonline.com.br\/imp\/wp-content\/uploads\/sites\/4\/2022\/09\/1-768x432.jpg 768w, https:\/\/www.aduanaonline.com.br\/imp\/wp-content\/uploads\/sites\/4\/2022\/09\/1-1536x864.jpg 1536w, https:\/\/www.aduanaonline.com.br\/imp\/wp-content\/uploads\/sites\/4\/2022\/09\/1-600x338.jpg 600w, https:\/\/www.aduanaonline.com.br\/imp\/wp-content\/uploads\/sites\/4\/2022\/09\/1.jpg 1920w\" sizes=\"(max-width: 800px) 100vw, 800px\" \/>\t\t\t\t\t\t\t\t\t\t\t\t\t\t\t<\/div>\n\t\t\t\t<\/div>\n\t\t\t\t<div class=\"elementor-element elementor-element-8d7d0c8 elementor-align-justify elementor-widget elementor-widget-button\" data-id=\"8d7d0c8\" data-element_type=\"widget\" data-e-type=\"widget\" data-widget_type=\"button.default\">\n\t\t\t\t<div class=\"elementor-widget-container\">\n\t\t\t\t\t\t\t\t\t<div class=\"elementor-button-wrapper\">\n\t\t\t\t\t<a class=\"elementor-button elementor-button-link elementor-size-sm\" href=\"https:\/\/www.aduanaonline.com.br\/imp\/produto\/importacao-maritima\/\">\n\t\t\t\t\t\t<span class=\"elementor-button-content-wrapper\">\n\t\t\t\t\t\t\t\t\t<span class=\"elementor-button-text\">SAIBA MAIS<\/span>\n\t\t\t\t\t<\/span>\n\t\t\t\t\t<\/a>\n\t\t\t\t<\/div>\n\t\t\t\t\t\t\t\t<\/div>\n\t\t\t\t<\/div>\n\t\t\t\t<\/div>\n\t\t\t\t\t<\/div>\n\t\t\t\t<\/div>\n\t\t<div class=\"elementor-element elementor-element-972e07a e-con-full e-flex e-con e-parent\" data-id=\"972e07a\" data-element_type=\"container\" data-e-type=\"container\" data-settings=\"{&quot;background_background&quot;:&quot;classic&quot;,&quot;_ha_eqh_enable&quot;:false}\">\n\t\t<div class=\"elementor-element elementor-element-f00dd2e e-con-full e-flex e-con e-child\" data-id=\"f00dd2e\" data-element_type=\"container\" data-e-type=\"container\" data-settings=\"{&quot;_ha_eqh_enable&quot;:false}\">\n\t\t\t\t<div class=\"elementor-element elementor-element-156a42e elementor-widget elementor-widget-heading\" data-id=\"156a42e\" data-element_type=\"widget\" data-e-type=\"widget\" data-widget_type=\"heading.default\">\n\t\t\t\t<div class=\"elementor-widget-container\">\n\t\t\t\t\t<h2 class=\"elementor-heading-title elementor-size-default\">O que nossos clientes est\u00e3o falando.<\/h2>\t\t\t\t<\/div>\n\t\t\t\t<\/div>\n\t\t\t\t<div class=\"elementor-element elementor-element-75f9dd2 elementor-pagination-type-bullets elementor-review--has-separator elementor--star-style-star_fontawesome elementor-widget elementor-widget-reviews\" data-id=\"75f9dd2\" data-element_type=\"widget\" data-e-type=\"widget\" data-settings=\"{&quot;slides_per_view&quot;:&quot;3&quot;,&quot;slides_per_view_mobile&quot;:&quot;1&quot;,&quot;pagination&quot;:&quot;bullets&quot;,&quot;speed&quot;:500,&quot;autoplay&quot;:&quot;yes&quot;,&quot;autoplay_speed&quot;:5000,&quot;loop&quot;:&quot;yes&quot;,&quot;pause_on_hover&quot;:&quot;yes&quot;,&quot;pause_on_interaction&quot;:&quot;yes&quot;,&quot;space_between&quot;:{&quot;unit&quot;:&quot;px&quot;,&quot;size&quot;:10,&quot;sizes&quot;:[]},&quot;space_between_tablet&quot;:{&quot;unit&quot;:&quot;px&quot;,&quot;size&quot;:10,&quot;sizes&quot;:[]},&quot;space_between_mobile&quot;:{&quot;unit&quot;:&quot;px&quot;,&quot;size&quot;:10,&quot;sizes&quot;:[]}}\" data-widget_type=\"reviews.default\">\n\t\t\t\t<div class=\"elementor-widget-container\">\n\t\t\t\t\t\t\t\t\t<div class=\"elementor-swiper\">\n\t\t\t\t\t<div class=\"elementor-main-swiper swiper\" role=\"region\" aria-roledescription=\"carousel\" aria-label=\"Slides\">\n\t\t\t\t<div class=\"swiper-wrapper\">\n\t\t\t\t\t\t\t\t\t\t\t<div class=\"swiper-slide\" role=\"group\" aria-roledescription=\"slide\">\n\t\t\t\t\t\t\t\t\t<div class=\"elementor-testimonial elementor-repeater-item-98f67e3\">\n\t\t\t\t\t\t\t<div class=\"elementor-testimonial__header\">\n\t\t\t\t\t\t\t\t\t\t<cite class=\"elementor-testimonial__cite\"><span class=\"elementor-testimonial__name\">Antonio Saulo Viel<\/span><span class=\"elementor-testimonial__title\">KGV - Filtros Industriais<\/span><\/cite>\t\t\t\t\t<div class=\"elementor-testimonial__icon elementor-icon elementor-icon-twitter\" aria-label=\"Read More\"><i class=\"fa fa-twitter\" aria-hidden=\"true\"><\/i><\/div>\t\t\t\t<\/div>\n\t\t\t\t\t\t\t\t\t\t<div class=\"elementor-testimonial__content\">\n\t\t\t\t\t<div class=\"elementor-testimonial__text\">\n\t\t\t\t\t\tFomos muito bem atendidos pelo sr. Jonathan. Bom servi\u00e7o, bom atendimento, presteza e educa\u00e7\u00e3o. Nos deixou informados a todo momento.\n\t\t\t\t\t<\/div>\n\t\t\t\t<\/div>\n\t\t\t\t\t<\/div>\n\t\t\t\t\t\t\t\t<\/div>\n\t\t\t\t\t\t\t\t\t\t\t<div class=\"swiper-slide\" role=\"group\" aria-roledescription=\"slide\">\n\t\t\t\t\t\t\t\t\t<div class=\"elementor-testimonial elementor-repeater-item-06d7b7e\">\n\t\t\t\t\t\t\t<div class=\"elementor-testimonial__header\">\n\t\t\t\t\t\t\t\t\t\t<cite class=\"elementor-testimonial__cite\"><span class=\"elementor-testimonial__name\">Luiz A. Coracini<\/span><span class=\"elementor-testimonial__title\">ECOMAC - USA<\/span><\/cite>\t\t\t\t\t<div class=\"elementor-testimonial__icon elementor-icon elementor-icon-twitter\" aria-label=\"Read More\"><i class=\"fa fa-twitter\" aria-hidden=\"true\"><\/i><\/div>\t\t\t\t<\/div>\n\t\t\t\t\t\t\t\t\t\t<div class=\"elementor-testimonial__content\">\n\t\t\t\t\t<div class=\"elementor-testimonial__text\">\n\t\t\t\t\t\tBom dia, obrigado pelo trabalho realizado. Nota 10!\n\t\t\t\t\t<\/div>\n\t\t\t\t<\/div>\n\t\t\t\t\t<\/div>\n\t\t\t\t\t\t\t\t<\/div>\n\t\t\t\t\t\t\t\t\t\t\t<div class=\"swiper-slide\" role=\"group\" aria-roledescription=\"slide\">\n\t\t\t\t\t\t\t\t\t<div class=\"elementor-testimonial elementor-repeater-item-3462515\">\n\t\t\t\t\t\t\t<div class=\"elementor-testimonial__header\">\n\t\t\t\t\t\t\t\t\t\t<cite class=\"elementor-testimonial__cite\"><span class=\"elementor-testimonial__name\">Airton<\/span><span class=\"elementor-testimonial__title\">BC Contabilidade<\/span><\/cite>\t\t\t\t\t<div class=\"elementor-testimonial__icon elementor-icon elementor-icon-twitter\" aria-label=\"Read More\"><i class=\"fa fa-twitter\" aria-hidden=\"true\"><\/i><\/div>\t\t\t\t<\/div>\n\t\t\t\t\t\t\t\t\t\t<div class=\"elementor-testimonial__content\">\n\t\t\t\t\t<div class=\"elementor-testimonial__text\">\n\t\t\t\t\t\tTrabalho muito bom! Inclusive j\u00e1 sou cliente da  Aduana Online. Minha nota \u00e9 10 muito obrigado pelo atendimento.\t\t\t\t\t<\/div>\n\t\t\t\t<\/div>\n\t\t\t\t\t<\/div>\n\t\t\t\t\t\t\t\t<\/div>\n\t\t\t\t\t\t\t\t\t<\/div>\n\t\t\t\t\t\t\t\t\t\t\t\t\t\t\t\t\t\t\t\t<div class=\"swiper-pagination\"><\/div>\n\t\t\t\t\t\t\t\t\t\t\t\t<\/div>\n\t\t\t\t<\/div>\n\t\t\t\t\t\t\t\t<\/div>\n\t\t\t\t<\/div>\n\t\t\t\t<\/div>\n\t\t\t\t<\/div>\n\t\t\t\t<\/div>\n\t\t","protected":false},"excerpt":{"rendered":"<p>Importa\u00e7\u00e3o Sin\u00f4nimo de Crescimento Inova\u00e7\u00e3o Garantia&nbsp;de&nbsp;Estoque Marca&nbsp;Pr\u00f3pria&nbsp; Sua empresa pode ser tornar uma importadora agora em apenas 30 minutos. ATIVAR RADAR IMPORTA\u00c7\u00c3O A Aduana Online possui diferenciais \u00fanicos no mercado. Financiamento de Importa\u00e7\u00e3o sem Analise. Modernidade no Segmento. Libera\u00e7\u00e3o de Mercadorias em 24 horas. Mais de 2745 clientes com RADAR Ativo e Satisfeitos. 0% no [&hellip;]<\/p>\n","protected":false},"author":1768,"featured_media":0,"parent":0,"menu_order":0,"comment_status":"closed","ping_status":"open","template":"elementor_header_footer","meta":{"_acf_changed":false,"footnotes":""},"class_list":["post-2","page","type-page","status-publish","hentry"],"acf":[],"_links":{"self":[{"href":"https:\/\/www.aduanaonline.com.br\/imp\/wp-json\/wp\/v2\/pages\/2","targetHints":{"allow":["GET"]}}],"collection":[{"href":"https:\/\/www.aduanaonline.com.br\/imp\/wp-json\/wp\/v2\/pages"}],"about":[{"href":"https:\/\/www.aduanaonline.com.br\/imp\/wp-json\/wp\/v2\/types\/page"}],"author":[{"embeddable":true,"href":"https:\/\/www.aduanaonline.com.br\/imp\/wp-json\/wp\/v2\/users\/1768"}],"replies":[{"embeddable":true,"href":"https:\/\/www.aduanaonline.com.br\/imp\/wp-json\/wp\/v2\/comments?post=2"}],"version-history":[{"count":176,"href":"https:\/\/www.aduanaonline.com.br\/imp\/wp-json\/wp\/v2\/pages\/2\/revisions"}],"predecessor-version":[{"id":18662,"href":"https:\/\/www.aduanaonline.com.br\/imp\/wp-json\/wp\/v2\/pages\/2\/revisions\/18662"}],"wp:attachment":[{"href":"https:\/\/www.aduanaonline.com.br\/imp\/wp-json\/wp\/v2\/media?parent=2"}],"curies":[{"name":"wp","href":"https:\/\/api.w.org\/{rel}","templated":true}]}}