{"id":111,"date":"2018-06-06T15:49:56","date_gmt":"2018-06-06T18:49:56","guid":{"rendered":"https:\/\/www.aduanaonline.com.br\/imp\/?page_id=111"},"modified":"2022-04-27T14:49:45","modified_gmt":"2022-04-27T17:49:45","slug":"minha-conta","status":"publish","type":"page","link":"https:\/\/www.aduanaonline.com.br\/imp\/minha-conta\/","title":{"rendered":"Minha Conta"},"content":{"rendered":"\n\n<h3 class=\"uppercase\"><strong>Ar\u00e9a restrita<\/strong><\/h3>\n<p>Aqui voc\u00ea encontrar\u00e1 todas as informa\u00e7\u00f5es sobre suas importa\u00e7\u00f5es.<\/p>\n<div class=\"woocommerce\"><\/div>\n","protected":false},"excerpt":{"rendered":"<p>Ar\u00e9a restrita Aqui voc\u00ea encontrar\u00e1 todas as informa\u00e7\u00f5es sobre suas importa\u00e7\u00f5es.<\/p>\n","protected":false},"author":2,"featured_media":0,"parent":0,"menu_order":0,"comment_status":"closed","ping_status":"closed","template":"","meta":{"_acf_changed":false,"footnotes":""},"class_list":["post-111","page","type-page","status-publish","hentry"],"acf":[],"_links":{"self":[{"href":"https:\/\/www.aduanaonline.com.br\/imp\/wp-json\/wp\/v2\/pages\/111","targetHints":{"allow":["GET"]}}],"collection":[{"href":"https:\/\/www.aduanaonline.com.br\/imp\/wp-json\/wp\/v2\/pages"}],"about":[{"href":"https:\/\/www.aduanaonline.com.br\/imp\/wp-json\/wp\/v2\/types\/page"}],"author":[{"embeddable":true,"href":"https:\/\/www.aduanaonline.com.br\/imp\/wp-json\/wp\/v2\/users\/2"}],"replies":[{"embeddable":true,"href":"https:\/\/www.aduanaonline.com.br\/imp\/wp-json\/wp\/v2\/comments?post=111"}],"version-history":[{"count":6,"href":"https:\/\/www.aduanaonline.com.br\/imp\/wp-json\/wp\/v2\/pages\/111\/revisions"}],"predecessor-version":[{"id":16818,"href":"https:\/\/www.aduanaonline.com.br\/imp\/wp-json\/wp\/v2\/pages\/111\/revisions\/16818"}],"wp:attachment":[{"href":"https:\/\/www.aduanaonline.com.br\/imp\/wp-json\/wp\/v2\/media?parent=111"}],"curies":[{"name":"wp","href":"https:\/\/api.w.org\/{rel}","templated":true}]}}